{"id":40574,"date":"2025-07-22T08:24:09","date_gmt":"2025-07-22T16:24:09","guid":{"rendered":"https:\/\/www.lumisonata.shop\/informacoes-de-remessa"},"modified":"2025-07-22T05:40:09","modified_gmt":"2025-07-22T13:40:09","slug":"informacoes-de-remessa","status":"publish","type":"page","link":"https:\/\/lumisonatashop.com\/pt-br\/informacoes-de-remessa","title":{"rendered":"Informa\u00e7\u00f5es de remessa"},"content":{"rendered":"\t\t<div data-elementor-type=\"wp-page\" data-elementor-id=\"40574\" class=\"elementor elementor-40574 elementor-40567\" data-elementor-post-type=\"page\">\n\t\t\t\t<div class=\"elementor-element elementor-element-680c894 e-con-full e-flex e-con e-parent\" data-id=\"680c894\" data-element_type=\"container\">\n\t\t<div class=\"elementor-element elementor-element-2e767b3 e-con-full e-flex e-con e-child\" data-id=\"2e767b3\" data-element_type=\"container\">\n\t\t\t\t<div class=\"elementor-element elementor-element-6241fd6 elementor-widget elementor-widget-heading\" data-id=\"6241fd6\" data-element_type=\"widget\" data-widget_type=\"heading.default\">\n\t\t\t\t\t<h4 class=\"elementor-heading-title elementor-size-default\">Informa\u00e7\u00f5es de remessa<\/h4>\t\t\t\t<\/div>\n\t\t\t\t<div class=\"elementor-element elementor-element-8c65958 elementor-widget elementor-widget-text-editor\" data-id=\"8c65958\" data-element_type=\"widget\" data-widget_type=\"text-editor.default\">\n\t\t\t\t\t\t\t\t\t<p>Atualmente, oferecemos remessa para todo o mundo.<\/p>\t\t\t\t\t\t\t\t<\/div>\n\t\t\t\t<div class=\"elementor-element elementor-element-7dc6db2 elementor-widget elementor-widget-heading\" data-id=\"7dc6db2\" data-element_type=\"widget\" data-widget_type=\"heading.default\">\n\t\t\t\t\t<h4 class=\"elementor-heading-title elementor-size-default\">Taxas de remessa<\/h4>\t\t\t\t<\/div>\n\t\t\t\t<div class=\"elementor-element elementor-element-d12b864 elementor-widget elementor-widget-text-editor\" data-id=\"d12b864\" data-element_type=\"widget\" data-widget_type=\"text-editor.default\">\n\t\t\t\t\t\t\t\t\t<ul><li><strong>Frete gr\u00e1tis:<\/strong> Todos os pedidos acima de US$ 100.<\/li><li><strong>Taxas de remessa padr\u00e3o:<\/strong> Aplica-se a pedidos abaixo de US$ 100, com base no peso e no tamanho do produto.<\/li><\/ul>\t\t\t\t\t\t\t\t<\/div>\n\t\t\t\t<div class=\"elementor-element elementor-element-b208c63 elementor-widget elementor-widget-heading\" data-id=\"b208c63\" data-element_type=\"widget\" data-widget_type=\"heading.default\">\n\t\t\t\t\t<h4 class=\"elementor-heading-title elementor-size-default\">Taxas de remessa<\/h4>\t\t\t\t<\/div>\n\t\t\t\t<div class=\"elementor-element elementor-element-1c78336 elementor-widget elementor-widget-text-editor\" data-id=\"1c78336\" data-element_type=\"widget\" data-widget_type=\"text-editor.default\">\n\t\t\t\t\t\t\t\t\t<ul><li><strong>Frete gr\u00e1tis:<\/strong> Todos os pedidos acima de US$ 100.<\/li><li><strong>Taxas de remessa padr\u00e3o:<\/strong> Aplica-se a pedidos abaixo de US$ 100, com base no peso e no tamanho do produto.<\/li><\/ul>\t\t\t\t\t\t\t\t<\/div>\n\t\t\t\t<div class=\"elementor-element elementor-element-2beb49f elementor-widget elementor-widget-text-editor\" data-id=\"2beb49f\" data-element_type=\"widget\" data-widget_type=\"text-editor.default\">\n\t\t\t\t\t\t\t\t\t<ul><li><p><strong>Observa\u00e7\u00f5es:<\/strong><\/p><ul><li>O tempo de manuseio do produto \u00e9 de 1 a 2 dias \u00fateis.<\/li><li>Se voc\u00ea precisar de uma fatura comercial. Por favor, entre em contato conosco pelo <a href=\"mailto:support@lumisonata.com\">e-mail support@lumisonata.com<\/a> <\/li><\/ul><\/li><\/ul>\t\t\t\t\t\t\t\t<\/div>\n\t\t\t\t<\/div>\n\t\t\t\t<\/div>\n\t\t\t\t<\/div>\n\t\t","protected":false},"excerpt":{"rendered":"<p>Informa\u00e7\u00f5es de remessa Atualmente, oferecemos remessa para todo o mundo. Taxas de remessa Frete gr\u00e1tis: Todos os pedidos acima de US$ 100. Taxas de remessa padr\u00e3o: Aplica-se a pedidos abaixo de US$ 100, com base no peso e no tamanho do produto. Taxas de remessa Frete gr\u00e1tis: Todos os pedidos acima de US$ 100. Taxas [&hellip;]<\/p>\n","protected":false},"author":1,"featured_media":0,"parent":0,"menu_order":0,"comment_status":"closed","ping_status":"closed","template":"","meta":{"_seopress_robots_primary_cat":"","_seopress_titles_title":"","_seopress_titles_desc":"","_seopress_robots_index":"","footnotes":""},"class_list":["post-40574","page","type-page","status-publish","hentry"],"_links":{"self":[{"href":"https:\/\/lumisonatashop.com\/pt-br\/wp-json\/wp\/v2\/pages\/40574","targetHints":{"allow":["GET"]}}],"collection":[{"href":"https:\/\/lumisonatashop.com\/pt-br\/wp-json\/wp\/v2\/pages"}],"about":[{"href":"https:\/\/lumisonatashop.com\/pt-br\/wp-json\/wp\/v2\/types\/page"}],"author":[{"embeddable":true,"href":"https:\/\/lumisonatashop.com\/pt-br\/wp-json\/wp\/v2\/users\/1"}],"replies":[{"embeddable":true,"href":"https:\/\/lumisonatashop.com\/pt-br\/wp-json\/wp\/v2\/comments?post=40574"}],"version-history":[{"count":1,"href":"https:\/\/lumisonatashop.com\/pt-br\/wp-json\/wp\/v2\/pages\/40574\/revisions"}],"predecessor-version":[{"id":40575,"href":"https:\/\/lumisonatashop.com\/pt-br\/wp-json\/wp\/v2\/pages\/40574\/revisions\/40575"}],"wp:attachment":[{"href":"https:\/\/lumisonatashop.com\/pt-br\/wp-json\/wp\/v2\/media?parent=40574"}],"curies":[{"name":"wp","href":"https:\/\/api.w.org\/{rel}","templated":true}]}}