{"id":40805,"date":"2025-07-22T02:41:46","date_gmt":"2025-07-22T10:41:46","guid":{"rendered":"https:\/\/www.lumisonata.shop\/vetements-pour-garcons-avec-eclairage-a-diodes-electroluminescentes"},"modified":"2025-07-22T05:39:33","modified_gmt":"2025-07-22T13:39:33","slug":"vetements-pour-garcons-avec-eclairage-a-diodes-electroluminescentes","status":"publish","type":"page","link":"https:\/\/lumisonatashop.com\/fr\/vetements-pour-garcons-avec-eclairage-a-diodes-electroluminescentes","title":{"rendered":"V\u00eatements pour gar\u00e7ons avec \u00e9clairage \u00e0 diodes \u00e9lectroluminescentes"},"content":{"rendered":"\t\t<div data-elementor-type=\"wp-page\" data-elementor-id=\"40805\" class=\"elementor elementor-40805 elementor-40719\" data-elementor-post-type=\"page\">\n\t\t\t\t<div class=\"elementor-element elementor-element-b35ffeb e-con-full e-flex e-con e-parent\" data-id=\"b35ffeb\" data-element_type=\"container\">\n\t\t\t\t<\/div>\n\t\t<div class=\"elementor-element elementor-element-df78d3c e-flex e-con-boxed e-con e-parent\" data-id=\"df78d3c\" data-element_type=\"container\" data-settings=\"{&quot;background_background&quot;:&quot;classic&quot;}\">\n\t\t\t\t\t<div class=\"e-con-inner\">\n\t\t\t\t<div class=\"elementor-element elementor-element-61cd0c6 elementor-widget elementor-widget-heading\" data-id=\"61cd0c6\" data-element_type=\"widget\" data-widget_type=\"heading.default\">\n\t\t\t\t\t<h3 class=\"elementor-heading-title elementor-size-default\">V\u00eatements pour gar\u00e7ons avec \u00e9clairage \u00e0 diodes \u00e9lectroluminescentes<\/h3>\t\t\t\t<\/div>\n\t\t\t\t\t<\/div>\n\t\t\t\t<\/div>\n\t\t<div class=\"elementor-element elementor-element-4bd5f29 e-flex e-con-boxed e-con e-parent\" data-id=\"4bd5f29\" data-element_type=\"container\" data-settings=\"{&quot;background_background&quot;:&quot;classic&quot;}\">\n\t\t\t\t\t<div class=\"e-con-inner\">\n\t\t<div class=\"elementor-element elementor-element-4d1811f e-con-full e-flex e-con e-child\" data-id=\"4d1811f\" data-element_type=\"container\" data-settings=\"{&quot;background_background&quot;:&quot;classic&quot;}\">\n\t\t\t\t<div class=\"elementor-element elementor-element-88d3667 elementor-widget elementor-widget-motta-product-grid\" data-id=\"88d3667\" data-element_type=\"widget\" data-settings=\"{&quot;product_cat&quot;:&quot;,boys&quot;,&quot;limit&quot;:16,&quot;columns&quot;:&quot;4&quot;,&quot;products&quot;:&quot;recent&quot;,&quot;product_outofstock&quot;:&quot;yes&quot;}\" data-widget_type=\"motta-product-grid.default\">\n\t\t\t\t<div class=\"elementor-widget-container\">\n\t\t\t\t\t<div class=\"motta-product-grid \"><ul class=\"products columns-4\">\n<li class=\"product type-product post-21938 status-publish first instock product_cat-boys product_cat-kids has-post-thumbnail taxable shipping-taxable product-type-simple\">\n\t<a href=\"https:\/\/lumisonatashop.com\/fr\/product\/white-starlight-children-luminous-small-suit\" class=\"woocommerce-LoopProduct-link woocommerce-loop-product__link\"><img fetchpriority=\"high\" decoding=\"async\" width=\"500\" height=\"500\" src=\"https:\/\/lumisonatashop.com\/wp-content\/uploads\/2025\/07\/White-starlight-children-luminous-small-suit-500x500.jpg\" class=\"attachment-woocommerce_thumbnail size-woocommerce_thumbnail\" alt=\"White starlight children luminous small suit\" srcset=\"https:\/\/lumisonatashop.com\/wp-content\/uploads\/2025\/07\/White-starlight-children-luminous-small-suit-500x500.jpg 500w, https:\/\/lumisonatashop.com\/wp-content\/uploads\/2025\/07\/White-starlight-children-luminous-small-suit-100x100.jpg 100w, https:\/\/lumisonatashop.com\/wp-content\/uploads\/2025\/07\/White-starlight-children-luminous-small-suit-600x600.jpg 600w, https:\/\/lumisonatashop.com\/wp-content\/uploads\/2025\/07\/White-starlight-children-luminous-small-suit.jpg 800w\" sizes=\"(max-width: 500px) 100vw, 500px\" \/><h2 class=\"woocommerce-loop-product__title\">White starlight children luminous small suit<\/h2>\n<\/a><a href=\"https:\/\/lumisonatashop.com\/fr\/product\/white-starlight-children-luminous-small-suit\" data-quantity=\"1\" class=\"button product_type_simple motta-button--atc\" data-product_id=\"21938\" data-product_sku=\"\" aria-label=\"En savoir plus sur &ldquo;White starlight children luminous small suit&rdquo;\" rel=\"nofollow\" data-success_message=\"\"><span class=\"motta-svg-icon motta-svg-icon--cart-trolley\" ><svg width=\"24\" height=\"24\" aria-hidden=\"true\" role=\"img\" focusable=\"false\" viewBox=\"0 0 32 32\"><path d=\"M25.248 22.4l3.552-14.4h-18.528l-0.96-4.8h-6.112v3.2h3.488l3.2 16h15.36zM24.704 11.2l-1.968 8h-10.24l-1.6-8h13.808z\"><\/path><path d=\"M25.6 26.4c0 1.325-1.075 2.4-2.4 2.4s-2.4-1.075-2.4-2.4c0-1.325 1.075-2.4 2.4-2.4s2.4 1.075 2.4 2.4z\"><\/path><path d=\"M14.4 26.4c0 1.325-1.075 2.4-2.4 2.4s-2.4-1.075-2.4-2.4c0-1.325 1.075-2.4 2.4-2.4s2.4 1.075 2.4 2.4z\"><\/path><\/svg><\/span><span class=\"add-to-cart-text\">Lire la suite<\/span><\/a><\/li>\n<li class=\"product type-product post-21935 status-publish instock product_cat-boys product_cat-kids has-post-thumbnail taxable shipping-taxable product-type-simple\">\n\t<a href=\"https:\/\/lumisonatashop.com\/fr\/product\/wave-pattern-black-childrens-point-light-up-small-suit\" class=\"woocommerce-LoopProduct-link woocommerce-loop-product__link\"><img decoding=\"async\" width=\"500\" height=\"500\" src=\"https:\/\/lumisonatashop.com\/wp-content\/uploads\/2025\/07\/Wave-pattern-black-childrens-small-suit-500x500.jpg\" class=\"attachment-woocommerce_thumbnail size-woocommerce_thumbnail\" alt=\"Wave pattern black children&#039;s point light up small suit\" srcset=\"https:\/\/lumisonatashop.com\/wp-content\/uploads\/2025\/07\/Wave-pattern-black-childrens-small-suit-500x500.jpg 500w, https:\/\/lumisonatashop.com\/wp-content\/uploads\/2025\/07\/Wave-pattern-black-childrens-small-suit-100x100.jpg 100w, https:\/\/lumisonatashop.com\/wp-content\/uploads\/2025\/07\/Wave-pattern-black-childrens-small-suit-600x600.jpg 600w, https:\/\/lumisonatashop.com\/wp-content\/uploads\/2025\/07\/Wave-pattern-black-childrens-small-suit.jpg 800w\" sizes=\"(max-width: 500px) 100vw, 500px\" \/><h2 class=\"woocommerce-loop-product__title\">Wave pattern black children&rsquo;s point light up small suit<\/h2>\n<\/a><a href=\"https:\/\/lumisonatashop.com\/fr\/product\/wave-pattern-black-childrens-point-light-up-small-suit\" data-quantity=\"1\" class=\"button product_type_simple motta-button--atc\" data-product_id=\"21935\" data-product_sku=\"\" aria-label=\"En savoir plus sur &ldquo;Wave pattern black children&#039;s point light up small suit&rdquo;\" rel=\"nofollow\" data-success_message=\"\"><span class=\"motta-svg-icon motta-svg-icon--cart-trolley\" ><svg width=\"24\" height=\"24\" aria-hidden=\"true\" role=\"img\" focusable=\"false\" viewBox=\"0 0 32 32\"><path d=\"M25.248 22.4l3.552-14.4h-18.528l-0.96-4.8h-6.112v3.2h3.488l3.2 16h15.36zM24.704 11.2l-1.968 8h-10.24l-1.6-8h13.808z\"><\/path><path d=\"M25.6 26.4c0 1.325-1.075 2.4-2.4 2.4s-2.4-1.075-2.4-2.4c0-1.325 1.075-2.4 2.4-2.4s2.4 1.075 2.4 2.4z\"><\/path><path d=\"M14.4 26.4c0 1.325-1.075 2.4-2.4 2.4s-2.4-1.075-2.4-2.4c0-1.325 1.075-2.4 2.4-2.4s2.4 1.075 2.4 2.4z\"><\/path><\/svg><\/span><span class=\"add-to-cart-text\">Lire la suite<\/span><\/a><\/li>\n<li class=\"product type-product post-21925 status-publish instock product_cat-boys product_cat-kids has-post-thumbnail taxable shipping-taxable product-type-simple\">\n\t<a href=\"https:\/\/lumisonatashop.com\/fr\/product\/childrens-luminous-vest\" class=\"woocommerce-LoopProduct-link woocommerce-loop-product__link\"><img decoding=\"async\" width=\"500\" height=\"500\" src=\"https:\/\/lumisonatashop.com\/wp-content\/uploads\/2025\/07\/Childrens-luminous-vest-500x500.jpg\" class=\"attachment-woocommerce_thumbnail size-woocommerce_thumbnail\" alt=\"Children&#039;s luminous vest\" srcset=\"https:\/\/lumisonatashop.com\/wp-content\/uploads\/2025\/07\/Childrens-luminous-vest-500x500.jpg 500w, https:\/\/lumisonatashop.com\/wp-content\/uploads\/2025\/07\/Childrens-luminous-vest-100x100.jpg 100w, https:\/\/lumisonatashop.com\/wp-content\/uploads\/2025\/07\/Childrens-luminous-vest-600x600.jpg 600w, https:\/\/lumisonatashop.com\/wp-content\/uploads\/2025\/07\/Childrens-luminous-vest.jpg 800w\" sizes=\"(max-width: 500px) 100vw, 500px\" \/><h2 class=\"woocommerce-loop-product__title\">Children&rsquo;s luminous vest<\/h2>\n<\/a><a href=\"https:\/\/lumisonatashop.com\/fr\/product\/childrens-luminous-vest\" data-quantity=\"1\" class=\"button product_type_simple motta-button--atc\" data-product_id=\"21925\" data-product_sku=\"\" aria-label=\"En savoir plus sur &ldquo;Children&#039;s luminous vest&rdquo;\" rel=\"nofollow\" data-success_message=\"\"><span class=\"motta-svg-icon motta-svg-icon--cart-trolley\" ><svg width=\"24\" height=\"24\" aria-hidden=\"true\" role=\"img\" focusable=\"false\" viewBox=\"0 0 32 32\"><path d=\"M25.248 22.4l3.552-14.4h-18.528l-0.96-4.8h-6.112v3.2h3.488l3.2 16h15.36zM24.704 11.2l-1.968 8h-10.24l-1.6-8h13.808z\"><\/path><path d=\"M25.6 26.4c0 1.325-1.075 2.4-2.4 2.4s-2.4-1.075-2.4-2.4c0-1.325 1.075-2.4 2.4-2.4s2.4 1.075 2.4 2.4z\"><\/path><path d=\"M14.4 26.4c0 1.325-1.075 2.4-2.4 2.4s-2.4-1.075-2.4-2.4c0-1.325 1.075-2.4 2.4-2.4s2.4 1.075 2.4 2.4z\"><\/path><\/svg><\/span><span class=\"add-to-cart-text\">Lire la suite<\/span><\/a><\/li>\n<li class=\"product type-product post-21926 status-publish last instock product_cat-boys product_cat-kids has-post-thumbnail taxable shipping-taxable product-type-simple\">\n\t<a href=\"https:\/\/lumisonatashop.com\/fr\/product\/childrens-wave-pattern-fiber-optic-fabric-luminous-vest\" class=\"woocommerce-LoopProduct-link woocommerce-loop-product__link\"><img loading=\"lazy\" decoding=\"async\" width=\"500\" height=\"500\" src=\"https:\/\/lumisonatashop.com\/wp-content\/uploads\/2025\/07\/Childrens-wave-pattern-fiber-optic-fabric-luminous-vest-500x500.jpg\" class=\"attachment-woocommerce_thumbnail size-woocommerce_thumbnail\" alt=\"Children&#039;s wave pattern fiber optic fabric luminous vest\" srcset=\"https:\/\/lumisonatashop.com\/wp-content\/uploads\/2025\/07\/Childrens-wave-pattern-fiber-optic-fabric-luminous-vest-500x500.jpg 500w, https:\/\/lumisonatashop.com\/wp-content\/uploads\/2025\/07\/Childrens-wave-pattern-fiber-optic-fabric-luminous-vest-100x100.jpg 100w, https:\/\/lumisonatashop.com\/wp-content\/uploads\/2025\/07\/Childrens-wave-pattern-fiber-optic-fabric-luminous-vest-600x600.jpg 600w, https:\/\/lumisonatashop.com\/wp-content\/uploads\/2025\/07\/Childrens-wave-pattern-fiber-optic-fabric-luminous-vest.jpg 800w\" sizes=\"(max-width: 500px) 100vw, 500px\" \/><h2 class=\"woocommerce-loop-product__title\">Children&rsquo;s wave pattern fiber optic fabric luminous vest<\/h2>\n<\/a><a href=\"https:\/\/lumisonatashop.com\/fr\/product\/childrens-wave-pattern-fiber-optic-fabric-luminous-vest\" data-quantity=\"1\" class=\"button product_type_simple motta-button--atc\" data-product_id=\"21926\" data-product_sku=\"\" aria-label=\"En savoir plus sur &ldquo;Children&#039;s wave pattern fiber optic fabric luminous vest&rdquo;\" rel=\"nofollow\" data-success_message=\"\"><span class=\"motta-svg-icon motta-svg-icon--cart-trolley\" ><svg width=\"24\" height=\"24\" aria-hidden=\"true\" role=\"img\" focusable=\"false\" viewBox=\"0 0 32 32\"><path d=\"M25.248 22.4l3.552-14.4h-18.528l-0.96-4.8h-6.112v3.2h3.488l3.2 16h15.36zM24.704 11.2l-1.968 8h-10.24l-1.6-8h13.808z\"><\/path><path d=\"M25.6 26.4c0 1.325-1.075 2.4-2.4 2.4s-2.4-1.075-2.4-2.4c0-1.325 1.075-2.4 2.4-2.4s2.4 1.075 2.4 2.4z\"><\/path><path d=\"M14.4 26.4c0 1.325-1.075 2.4-2.4 2.4s-2.4-1.075-2.4-2.4c0-1.325 1.075-2.4 2.4-2.4s2.4 1.075 2.4 2.4z\"><\/path><\/svg><\/span><span class=\"add-to-cart-text\">Lire la suite<\/span><\/a><\/li>\n<\/ul>\n<\/div>\t\t\t\t<\/div>\n\t\t\t\t<\/div>\n\t\t\t\t<\/div>\n\t\t\t\t\t<\/div>\n\t\t\t\t<\/div>\n\t\t\t\t<\/div>\n\t\t","protected":false},"excerpt":{"rendered":"<p>V\u00eatements pour gar\u00e7ons avec \u00e9clairage \u00e0 diodes \u00e9lectroluminescentes Read more Add to wishlist Compare Sku: 8620240521001 Glow Toddler Sweatshirt with Light Up Dinosaur &#8211; Lumisonata Read more Add to wishlist Compare Sku: 762716108509 Illuminated Children&#8217;S Sweatshirts And Light Up Cars &#8211; Lumisonata Read more Add to wishlist Compare White starlight children luminous small suit Read [&hellip;]<\/p>\n","protected":false},"author":1,"featured_media":0,"parent":0,"menu_order":0,"comment_status":"closed","ping_status":"open","template":"","meta":{"_seopress_robots_primary_cat":"","_seopress_titles_title":"","_seopress_titles_desc":"","_seopress_robots_index":"","footnotes":""},"class_list":["post-40805","page","type-page","status-publish","hentry"],"_links":{"self":[{"href":"https:\/\/lumisonatashop.com\/fr\/wp-json\/wp\/v2\/pages\/40805","targetHints":{"allow":["GET"]}}],"collection":[{"href":"https:\/\/lumisonatashop.com\/fr\/wp-json\/wp\/v2\/pages"}],"about":[{"href":"https:\/\/lumisonatashop.com\/fr\/wp-json\/wp\/v2\/types\/page"}],"author":[{"embeddable":true,"href":"https:\/\/lumisonatashop.com\/fr\/wp-json\/wp\/v2\/users\/1"}],"replies":[{"embeddable":true,"href":"https:\/\/lumisonatashop.com\/fr\/wp-json\/wp\/v2\/comments?post=40805"}],"version-history":[{"count":2,"href":"https:\/\/lumisonatashop.com\/fr\/wp-json\/wp\/v2\/pages\/40805\/revisions"}],"predecessor-version":[{"id":41177,"href":"https:\/\/lumisonatashop.com\/fr\/wp-json\/wp\/v2\/pages\/40805\/revisions\/41177"}],"wp:attachment":[{"href":"https:\/\/lumisonatashop.com\/fr\/wp-json\/wp\/v2\/media?parent=40805"}],"curies":[{"name":"wp","href":"https:\/\/api.w.org\/{rel}","templated":true}]}}