{"id":40610,"date":"2025-07-22T08:28:25","date_gmt":"2025-07-22T16:28:25","guid":{"rendered":"https:\/\/www.lumisonata.shop\/lumisonata-rend-service"},"modified":"2025-07-22T05:40:04","modified_gmt":"2025-07-22T13:40:04","slug":"lumisonata-rend-service","status":"publish","type":"page","link":"https:\/\/lumisonatashop.com\/fr\/lumisonata-rend-service","title":{"rendered":"Lumisonata rend service"},"content":{"rendered":"\t\t<div data-elementor-type=\"wp-page\" data-elementor-id=\"40610\" class=\"elementor elementor-40610 elementor-40594\" data-elementor-post-type=\"page\">\n\t\t\t\t<div class=\"elementor-element elementor-element-721ec62 e-con-full e-flex e-con e-parent\" data-id=\"721ec62\" data-element_type=\"container\">\n\t\t<div class=\"elementor-element elementor-element-7abbd97 e-flex e-con-boxed e-con e-child\" data-id=\"7abbd97\" data-element_type=\"container\">\n\t\t\t\t\t<div class=\"e-con-inner\">\n\t\t<div class=\"elementor-element elementor-element-fa1e6d6 e-con-full e-flex e-con e-child\" data-id=\"fa1e6d6\" data-element_type=\"container\">\n\t\t\t\t<div class=\"elementor-element elementor-element-6a80fdd elementor-widget elementor-widget-image\" data-id=\"6a80fdd\" data-element_type=\"widget\" data-widget_type=\"image.default\">\n\t\t\t\t\t\t\t\t\t\t\t\t\t\t\t<img alt=\"\" fetchpriority=\"high\" decoding=\"async\" width=\"640\" height=\"360\" src=\"https:\/\/lumisonatashop.com\/wp-content\/uploads\/2025\/07\/620e6ef7d0dfa2bbde8a3246b86b1ea_1.webp\" class=\"attachment-large size-large wp-image-40596\" alt=\"\" srcset=\"https:\/\/lumisonatashop.com\/wp-content\/uploads\/2025\/07\/620e6ef7d0dfa2bbde8a3246b86b1ea_1.webp 640w, https:\/\/lumisonatashop.com\/wp-content\/uploads\/2025\/07\/620e6ef7d0dfa2bbde8a3246b86b1ea_1-500x281.webp 500w, https:\/\/lumisonatashop.com\/wp-content\/uploads\/2025\/07\/620e6ef7d0dfa2bbde8a3246b86b1ea_1-364x205.webp 364w, https:\/\/lumisonatashop.com\/wp-content\/uploads\/2025\/07\/620e6ef7d0dfa2bbde8a3246b86b1ea_1-600x338.webp 600w\" sizes=\"(max-width: 640px) 100vw, 640px\" \/>\t\t\t\t\t\t\t\t\t\t\t\t\t\t\t<\/div>\n\t\t\t\t<div class=\"elementor-element elementor-element-f71318c elementor-widget elementor-widget-text-editor\" data-id=\"f71318c\" data-element_type=\"widget\" data-widget_type=\"text-editor.default\">\n\t\t\t\t\t\t\t\t\t<p>  LUMISONATA n\u2019a jamais oubli\u00e9 son c\u0153ur et envoie depuis plusieurs ann\u00e9es des produits de premi\u00e8re n\u00e9cessit\u00e9 \u00e0 des orphelinats britanniques, dans l\u2019espoir de transmettre l\u2019amour \u00e0 travers ses efforts.<\/p>\t\t\t\t\t\t\t\t<\/div>\n\t\t\t\t<\/div>\n\t\t<div class=\"elementor-element elementor-element-c816faa e-con-full e-flex e-con e-child\" data-id=\"c816faa\" data-element_type=\"container\">\n\t\t\t\t<div class=\"elementor-element elementor-element-540546d elementor-widget elementor-widget-image\" data-id=\"540546d\" data-element_type=\"widget\" data-widget_type=\"image.default\">\n\t\t\t\t\t\t\t\t\t\t\t\t\t\t\t<img alt=\"\" decoding=\"async\" width=\"640\" height=\"360\" src=\"https:\/\/lumisonatashop.com\/wp-content\/uploads\/2025\/07\/e084f02532163efafae8341191e4ce2_1.webp\" class=\"attachment-large size-large wp-image-40597\" alt=\"\" srcset=\"https:\/\/lumisonatashop.com\/wp-content\/uploads\/2025\/07\/e084f02532163efafae8341191e4ce2_1.webp 640w, https:\/\/lumisonatashop.com\/wp-content\/uploads\/2025\/07\/e084f02532163efafae8341191e4ce2_1-500x281.webp 500w, https:\/\/lumisonatashop.com\/wp-content\/uploads\/2025\/07\/e084f02532163efafae8341191e4ce2_1-364x205.webp 364w, https:\/\/lumisonatashop.com\/wp-content\/uploads\/2025\/07\/e084f02532163efafae8341191e4ce2_1-600x338.webp 600w\" sizes=\"(max-width: 640px) 100vw, 640px\" \/>\t\t\t\t\t\t\t\t\t\t\t\t\t\t\t<\/div>\n\t\t\t\t<div class=\"elementor-element elementor-element-dcac288 elementor-widget elementor-widget-text-editor\" data-id=\"dcac288\" data-element_type=\"widget\" data-widget_type=\"text-editor.default\">\n\t\t\t\t\t\t\t\t\t<p>  Donation d\u2019amour \u00e0 l\u2019\u00e9cole primaire de Jindu dans la ville de Dajing, Miluo, province de Hunan, marchons avec l\u2019amour et distribuons-le.<\/p>\t\t\t\t\t\t\t\t<\/div>\n\t\t\t\t<\/div>\n\t\t\t\t\t<\/div>\n\t\t\t\t<\/div>\n\t\t\t\t<\/div>\n\t\t\t\t<\/div>\n\t\t","protected":false},"excerpt":{"rendered":"<p>LUMISONATA n\u2019a jamais oubli\u00e9 son c\u0153ur et envoie depuis plusieurs ann\u00e9es des produits de premi\u00e8re n\u00e9cessit\u00e9 \u00e0 des orphelinats britanniques, dans l\u2019espoir de transmettre l\u2019amour \u00e0 travers ses efforts. Donation d\u2019amour \u00e0 l\u2019\u00e9cole primaire de Jindu dans la ville de Dajing, Miluo, province de Hunan, marchons avec l\u2019amour et distribuons-le.<\/p>\n","protected":false},"author":1,"featured_media":0,"parent":0,"menu_order":0,"comment_status":"closed","ping_status":"closed","template":"","meta":{"_seopress_robots_primary_cat":"","_seopress_titles_title":"","_seopress_titles_desc":"","_seopress_robots_index":"","footnotes":""},"class_list":["post-40610","page","type-page","status-publish","hentry"],"_links":{"self":[{"href":"https:\/\/lumisonatashop.com\/fr\/wp-json\/wp\/v2\/pages\/40610","targetHints":{"allow":["GET"]}}],"collection":[{"href":"https:\/\/lumisonatashop.com\/fr\/wp-json\/wp\/v2\/pages"}],"about":[{"href":"https:\/\/lumisonatashop.com\/fr\/wp-json\/wp\/v2\/types\/page"}],"author":[{"embeddable":true,"href":"https:\/\/lumisonatashop.com\/fr\/wp-json\/wp\/v2\/users\/1"}],"replies":[{"embeddable":true,"href":"https:\/\/lumisonatashop.com\/fr\/wp-json\/wp\/v2\/comments?post=40610"}],"version-history":[{"count":1,"href":"https:\/\/lumisonatashop.com\/fr\/wp-json\/wp\/v2\/pages\/40610\/revisions"}],"predecessor-version":[{"id":40612,"href":"https:\/\/lumisonatashop.com\/fr\/wp-json\/wp\/v2\/pages\/40610\/revisions\/40612"}],"wp:attachment":[{"href":"https:\/\/lumisonatashop.com\/fr\/wp-json\/wp\/v2\/media?parent=40610"}],"curies":[{"name":"wp","href":"https:\/\/api.w.org\/{rel}","templated":true}]}}