{"id":40580,"date":"2025-07-22T08:24:09","date_gmt":"2025-07-22T16:24:09","guid":{"rendered":"https:\/\/www.lumisonata.shop\/informations-sur-lexpedition"},"modified":"2025-07-22T05:40:08","modified_gmt":"2025-07-22T13:40:08","slug":"informations-sur-lexpedition","status":"publish","type":"page","link":"https:\/\/lumisonatashop.com\/fr\/informations-sur-lexpedition","title":{"rendered":"Informations sur l&rsquo;exp\u00e9dition"},"content":{"rendered":"\t\t<div data-elementor-type=\"wp-page\" data-elementor-id=\"40580\" class=\"elementor elementor-40580 elementor-40567\" data-elementor-post-type=\"page\">\n\t\t\t\t<div class=\"elementor-element elementor-element-680c894 e-con-full e-flex e-con e-parent\" data-id=\"680c894\" data-element_type=\"container\">\n\t\t<div class=\"elementor-element elementor-element-2e767b3 e-con-full e-flex e-con e-child\" data-id=\"2e767b3\" data-element_type=\"container\">\n\t\t\t\t<div class=\"elementor-element elementor-element-6241fd6 elementor-widget elementor-widget-heading\" data-id=\"6241fd6\" data-element_type=\"widget\" data-widget_type=\"heading.default\">\n\t\t\t\t\t<h4 class=\"elementor-heading-title elementor-size-default\">Informations sur l'exp\u00e9dition<\/h4>\t\t\t\t<\/div>\n\t\t\t\t<div class=\"elementor-element elementor-element-8c65958 elementor-widget elementor-widget-text-editor\" data-id=\"8c65958\" data-element_type=\"widget\" data-widget_type=\"text-editor.default\">\n\t\t\t\t\t\t\t\t\t<p>Nous offrons actuellement des services d\u2019exp\u00e9dition dans le monde entier.<\/p>\t\t\t\t\t\t\t\t<\/div>\n\t\t\t\t<div class=\"elementor-element elementor-element-7dc6db2 elementor-widget elementor-widget-heading\" data-id=\"7dc6db2\" data-element_type=\"widget\" data-widget_type=\"heading.default\">\n\t\t\t\t\t<h4 class=\"elementor-heading-title elementor-size-default\">Frais d'exp\u00e9dition<\/h4>\t\t\t\t<\/div>\n\t\t\t\t<div class=\"elementor-element elementor-element-d12b864 elementor-widget elementor-widget-text-editor\" data-id=\"d12b864\" data-element_type=\"widget\" data-widget_type=\"text-editor.default\">\n\t\t\t\t\t\t\t\t\t<ul><li><strong>Livraison gratuite :<\/strong> Toutes les commandes sup\u00e9rieures \u00e0 100 USD.<\/li><li><strong>Frais d\u2019exp\u00e9dition standard :<\/strong> Ils s\u2019appliquent aux commandes inf\u00e9rieures \u00e0 100 USD, en fonction du poids et de la taille du produit.<\/li><\/ul>\t\t\t\t\t\t\t\t<\/div>\n\t\t\t\t<div class=\"elementor-element elementor-element-b208c63 elementor-widget elementor-widget-heading\" data-id=\"b208c63\" data-element_type=\"widget\" data-widget_type=\"heading.default\">\n\t\t\t\t\t<h4 class=\"elementor-heading-title elementor-size-default\">Frais d'exp\u00e9dition<\/h4>\t\t\t\t<\/div>\n\t\t\t\t<div class=\"elementor-element elementor-element-1c78336 elementor-widget elementor-widget-text-editor\" data-id=\"1c78336\" data-element_type=\"widget\" data-widget_type=\"text-editor.default\">\n\t\t\t\t\t\t\t\t\t<ul><li><strong>Livraison gratuite :<\/strong> Toutes les commandes sup\u00e9rieures \u00e0 100 USD.<\/li><li><strong>Frais d\u2019exp\u00e9dition standard :<\/strong> Ils s\u2019appliquent aux commandes inf\u00e9rieures \u00e0 100 USD, en fonction du poids et de la taille du produit.<\/li><\/ul>\t\t\t\t\t\t\t\t<\/div>\n\t\t\t\t<div class=\"elementor-element elementor-element-2beb49f elementor-widget elementor-widget-text-editor\" data-id=\"2beb49f\" data-element_type=\"widget\" data-widget_type=\"text-editor.default\">\n\t\t\t\t\t\t\t\t\t<ul><li><p><strong>Notes :<\/strong><\/p><ul><li>Le d\u00e9lai de traitement du produit est de 1 \u00e0 2 jours ouvrables.<\/li><li>Si vous avez besoin d\u2019une facture commerciale. Veuillez nous contacter \u00e0 l\u2019adresse <a href=\"mailto:support@lumisonata.com\">suivante : support@lumisonata.com<\/a> <\/li><\/ul><\/li><\/ul>\t\t\t\t\t\t\t\t<\/div>\n\t\t\t\t<\/div>\n\t\t\t\t<\/div>\n\t\t\t\t<\/div>\n\t\t","protected":false},"excerpt":{"rendered":"<p>Informations sur l\u2019exp\u00e9dition Nous offrons actuellement des services d\u2019exp\u00e9dition dans le monde entier. Frais d\u2019exp\u00e9dition Livraison gratuite : Toutes les commandes sup\u00e9rieures \u00e0 100 USD. Frais d\u2019exp\u00e9dition standard : Ils s\u2019appliquent aux commandes inf\u00e9rieures \u00e0 100 USD, en fonction du poids et de la taille du produit. Frais d\u2019exp\u00e9dition Livraison gratuite : Toutes les commandes [&hellip;]<\/p>\n","protected":false},"author":1,"featured_media":0,"parent":0,"menu_order":0,"comment_status":"closed","ping_status":"closed","template":"","meta":{"_seopress_robots_primary_cat":"","_seopress_titles_title":"","_seopress_titles_desc":"","_seopress_robots_index":"","footnotes":""},"class_list":["post-40580","page","type-page","status-publish","hentry"],"_links":{"self":[{"href":"https:\/\/lumisonatashop.com\/fr\/wp-json\/wp\/v2\/pages\/40580","targetHints":{"allow":["GET"]}}],"collection":[{"href":"https:\/\/lumisonatashop.com\/fr\/wp-json\/wp\/v2\/pages"}],"about":[{"href":"https:\/\/lumisonatashop.com\/fr\/wp-json\/wp\/v2\/types\/page"}],"author":[{"embeddable":true,"href":"https:\/\/lumisonatashop.com\/fr\/wp-json\/wp\/v2\/users\/1"}],"replies":[{"embeddable":true,"href":"https:\/\/lumisonatashop.com\/fr\/wp-json\/wp\/v2\/comments?post=40580"}],"version-history":[{"count":1,"href":"https:\/\/lumisonatashop.com\/fr\/wp-json\/wp\/v2\/pages\/40580\/revisions"}],"predecessor-version":[{"id":40581,"href":"https:\/\/lumisonatashop.com\/fr\/wp-json\/wp\/v2\/pages\/40580\/revisions\/40581"}],"wp:attachment":[{"href":"https:\/\/lumisonatashop.com\/fr\/wp-json\/wp\/v2\/media?parent=40580"}],"curies":[{"name":"wp","href":"https:\/\/api.w.org\/{rel}","templated":true}]}}