{"id":40648,"date":"2025-07-22T08:24:09","date_gmt":"2025-07-22T16:24:09","guid":{"rendered":"https:\/\/www.lumisonata.shop\/versandinformationen"},"modified":"2025-07-22T05:40:08","modified_gmt":"2025-07-22T13:40:08","slug":"versandinformationen","status":"publish","type":"page","link":"https:\/\/lumisonatashop.com\/de\/versandinformationen","title":{"rendered":"Versandinformationen"},"content":{"rendered":"\t\t<div data-elementor-type=\"wp-page\" data-elementor-id=\"40648\" class=\"elementor elementor-40648 elementor-40567\" data-elementor-post-type=\"page\">\n\t\t\t\t<div class=\"elementor-element elementor-element-680c894 e-con-full e-flex e-con e-parent\" data-id=\"680c894\" data-element_type=\"container\">\n\t\t<div class=\"elementor-element elementor-element-2e767b3 e-con-full e-flex e-con e-child\" data-id=\"2e767b3\" data-element_type=\"container\">\n\t\t\t\t<div class=\"elementor-element elementor-element-6241fd6 elementor-widget elementor-widget-heading\" data-id=\"6241fd6\" data-element_type=\"widget\" data-widget_type=\"heading.default\">\n\t\t\t\t\t<h4 class=\"elementor-heading-title elementor-size-default\">Versandinformationen<\/h4>\t\t\t\t<\/div>\n\t\t\t\t<div class=\"elementor-element elementor-element-8c65958 elementor-widget elementor-widget-text-editor\" data-id=\"8c65958\" data-element_type=\"widget\" data-widget_type=\"text-editor.default\">\n\t\t\t\t\t\t\t\t\t<p>Wir bieten derzeit einen weltweiten Versand an.<\/p>\t\t\t\t\t\t\t\t<\/div>\n\t\t\t\t<div class=\"elementor-element elementor-element-7dc6db2 elementor-widget elementor-widget-heading\" data-id=\"7dc6db2\" data-element_type=\"widget\" data-widget_type=\"heading.default\">\n\t\t\t\t\t<h4 class=\"elementor-heading-title elementor-size-default\">Geb\u00fchren f\u00fcr den Versand<\/h4>\t\t\t\t<\/div>\n\t\t\t\t<div class=\"elementor-element elementor-element-d12b864 elementor-widget elementor-widget-text-editor\" data-id=\"d12b864\" data-element_type=\"widget\" data-widget_type=\"text-editor.default\">\n\t\t\t\t\t\t\t\t\t<ul><li><strong>Kostenloser Versand:<\/strong> Alle Bestellungen \u00fcber USD $100.<\/li><li><strong>Standard-Versandgeb\u00fchren:<\/strong> Gilt f\u00fcr Bestellungen unter USD $100, abh\u00e4ngig von Produktgewicht und -gr\u00f6\u00dfe.<\/li><\/ul>\t\t\t\t\t\t\t\t<\/div>\n\t\t\t\t<div class=\"elementor-element elementor-element-b208c63 elementor-widget elementor-widget-heading\" data-id=\"b208c63\" data-element_type=\"widget\" data-widget_type=\"heading.default\">\n\t\t\t\t\t<h4 class=\"elementor-heading-title elementor-size-default\">Geb\u00fchren f\u00fcr den Versand<\/h4>\t\t\t\t<\/div>\n\t\t\t\t<div class=\"elementor-element elementor-element-1c78336 elementor-widget elementor-widget-text-editor\" data-id=\"1c78336\" data-element_type=\"widget\" data-widget_type=\"text-editor.default\">\n\t\t\t\t\t\t\t\t\t<ul><li><strong>Kostenloser Versand:<\/strong> Alle Bestellungen \u00fcber USD $100.<\/li><li><strong>Standard-Versandgeb\u00fchren:<\/strong> Gilt f\u00fcr Bestellungen unter USD $100, abh\u00e4ngig von Produktgewicht und -gr\u00f6\u00dfe.<\/li><\/ul>\t\t\t\t\t\t\t\t<\/div>\n\t\t\t\t<div class=\"elementor-element elementor-element-2beb49f elementor-widget elementor-widget-text-editor\" data-id=\"2beb49f\" data-element_type=\"widget\" data-widget_type=\"text-editor.default\">\n\t\t\t\t\t\t\t\t\t<ul><li><p><strong>Anmerkungen:<\/strong><\/p><ul><li>Die Bearbeitungszeit f\u00fcr das Produkt betr\u00e4gt 1-2 Arbeitstage.<\/li><li>Wenn Sie eine Handelsrechnung ben\u00f6tigen. Kontaktieren Sie uns bitte unter <a href=\"mailto:support@lumisonata.com\">support@lumisonata.com<\/a> <\/li><\/ul><\/li><\/ul>\t\t\t\t\t\t\t\t<\/div>\n\t\t\t\t<\/div>\n\t\t\t\t<\/div>\n\t\t\t\t<\/div>\n\t\t","protected":false},"excerpt":{"rendered":"<p>Versandinformationen Wir bieten derzeit einen weltweiten Versand an. Geb\u00fchren f\u00fcr den Versand Kostenloser Versand: Alle Bestellungen \u00fcber USD $100. Standard-Versandgeb\u00fchren: Gilt f\u00fcr Bestellungen unter USD $100, abh\u00e4ngig von Produktgewicht und -gr\u00f6\u00dfe. Geb\u00fchren f\u00fcr den Versand Kostenloser Versand: Alle Bestellungen \u00fcber USD $100. Standard-Versandgeb\u00fchren: Gilt f\u00fcr Bestellungen unter USD $100, abh\u00e4ngig von Produktgewicht und -gr\u00f6\u00dfe. Anmerkungen: [&hellip;]<\/p>\n","protected":false},"author":1,"featured_media":0,"parent":0,"menu_order":0,"comment_status":"closed","ping_status":"closed","template":"","meta":{"_seopress_robots_primary_cat":"","_seopress_titles_title":"","_seopress_titles_desc":"","_seopress_robots_index":"","footnotes":""},"class_list":["post-40648","page","type-page","status-publish","hentry"],"_links":{"self":[{"href":"https:\/\/lumisonatashop.com\/de\/wp-json\/wp\/v2\/pages\/40648","targetHints":{"allow":["GET"]}}],"collection":[{"href":"https:\/\/lumisonatashop.com\/de\/wp-json\/wp\/v2\/pages"}],"about":[{"href":"https:\/\/lumisonatashop.com\/de\/wp-json\/wp\/v2\/types\/page"}],"author":[{"embeddable":true,"href":"https:\/\/lumisonatashop.com\/de\/wp-json\/wp\/v2\/users\/1"}],"replies":[{"embeddable":true,"href":"https:\/\/lumisonatashop.com\/de\/wp-json\/wp\/v2\/comments?post=40648"}],"version-history":[{"count":1,"href":"https:\/\/lumisonatashop.com\/de\/wp-json\/wp\/v2\/pages\/40648\/revisions"}],"predecessor-version":[{"id":40649,"href":"https:\/\/lumisonatashop.com\/de\/wp-json\/wp\/v2\/pages\/40648\/revisions\/40649"}],"wp:attachment":[{"href":"https:\/\/lumisonatashop.com\/de\/wp-json\/wp\/v2\/media?parent=40648"}],"curies":[{"name":"wp","href":"https:\/\/api.w.org\/{rel}","templated":true}]}}