{"id":40633,"date":"2025-07-22T08:26:03","date_gmt":"2025-07-22T16:26:03","guid":{"rendered":"https:\/\/www.lumisonata.shop\/zahlungsarten"},"modified":"2025-07-22T05:40:05","modified_gmt":"2025-07-22T13:40:05","slug":"zahlungsarten","status":"publish","type":"page","link":"https:\/\/lumisonatashop.com\/de\/zahlungsarten","title":{"rendered":"Zahlungsarten"},"content":{"rendered":"\t\t<div data-elementor-type=\"wp-page\" data-elementor-id=\"40633\" class=\"elementor elementor-40633 elementor-40588\" data-elementor-post-type=\"page\">\n\t\t\t\t<div class=\"elementor-element elementor-element-e108140 e-con-full e-flex e-con e-parent\" data-id=\"e108140\" data-element_type=\"container\">\n\t\t<div class=\"elementor-element elementor-element-60dc155 e-flex e-con-boxed e-con e-child\" data-id=\"60dc155\" data-element_type=\"container\">\n\t\t\t\t\t<div class=\"e-con-inner\">\n\t\t\t\t<div class=\"elementor-element elementor-element-2167b5f elementor-widget elementor-widget-text-editor\" data-id=\"2167b5f\" data-element_type=\"widget\" data-widget_type=\"text-editor.default\">\n\t\t\t\t\t\t\t\t\t<p><strong>Wir akzeptieren nur die folgenden Zahlungsarten:<\/strong><\/p><ul><li>Visum<\/li><li>Mastercard<\/li><li>American Express<\/li><li>PayPal<\/li><li>Apple Pay<\/li><li><div class=\"express-checkout__label express-checkout__label-desktop\">Google Pay<\/div><\/li><\/ul><p>Wenn Sie feststellen, dass Ihre Karte abgelehnt wurde, kann dies folgende Gr\u00fcnde haben:<\/p><p><strong>>1. Die Transaktion wurde aufgrund einer AVS-Fehlanpassung abgelehnt. Die angegebene Adresse stimmt nicht mit der Rechnungsadresse des Karteninhabers \u00fcberein. <\/strong><\/p><p>Wenn ja, \u00fcberpr\u00fcfen Sie bitte, ob der Name, die Adresse und die Postleitzahl des Karteninhabers korrekt sind.  <strong>(W\u00e4hlen Sie an der Kasse nicht dieselbe Adresse wie die Lieferadresse, sondern eine andere Rechnungsadresse, die mit der des Karteninhabers \u00fcbereinstimmen muss), siehe Screenshot unten f\u00fcr weitere Details.<\/strong><\/p>\t\t\t\t\t\t\t\t<\/div>\n\t\t\t\t<div class=\"elementor-element elementor-element-aea24bd elementor-widget elementor-widget-image\" data-id=\"aea24bd\" data-element_type=\"widget\" data-widget_type=\"image.default\">\n\t\t\t\t\t\t\t\t\t\t\t\t\t\t\t<img alt=\"\" fetchpriority=\"high\" decoding=\"async\" width=\"342\" height=\"480\" src=\"https:\/\/lumisonatashop.com\/wp-content\/uploads\/2025\/07\/payment_error_480x480.webp\" class=\"attachment-large size-large wp-image-40590\" alt=\"\" \/>\t\t\t\t\t\t\t\t\t\t\t\t\t\t\t<\/div>\n\t\t\t\t<div class=\"elementor-element elementor-element-c69a809 elementor-widget elementor-widget-text-editor\" data-id=\"c69a809\" data-element_type=\"widget\" data-widget_type=\"text-editor.default\">\n\t\t\t\t\t\t\t\t\t<div>>2. CVV stimmt nicht \u00fcberein: Bitte \u00fcberpr\u00fcfen Sie, ob Ihr CVV-Code korrekt ist. Er befindet sich auf der R\u00fcckseite Ihrer Kredit-\/Debitkarte auf der rechten Seite des wei\u00dfen Unterschriftsstreifens; bei VISA und MasterCard sind es immer die letzten 3 Ziffern.<\/div><div> <\/div><p>>3. Oder Sie rufen Ihre Bank an und bitten sie, die Transaktion zu best\u00e4tigen. Wenn es dann immer noch nicht funktioniert, empfehlen wir Ihnen, die <em><strong>PayPal<\/strong><\/em> Zahlungsmethode zu w\u00e4hlen, um eine erfolgreiche Transaktion zu gew\u00e4hrleisten.<\/p><p> <strong>Anmerkung:<\/strong><\/p><ol><li>Wenn Sie mit einer Kredit- oder Debitkarte bezahlen, erhalten wir eine vor\u00fcbergehende Genehmigung zur Belastung Ihrer Karte, sobald Sie den Zahlungsvorgang abgeschlossen haben. Wir belasten Sie, wenn wir Ihre Bestellung versenden oder wenn die tempor\u00e4re Autorisierung endet, je nachdem, was zuerst eintritt. <\/li><li>Verschiedene Zahlungsarten k\u00f6nnen nicht kombiniert werden und Sie k\u00f6nnen nur eine Bankkarte f\u00fcr jede Bestellung verwenden.<\/li><li>Wenn der Status Ihrer Bestellung \u201eausstehend\u201c lautet, machen Sie sich bitte keine Sorgen, wir werden den Versand veranlassen, sobald der Zahlungsvorgang abgeschlossen ist.<\/li><li>Bitte beachten Sie, dass wir keinen Nachnahmeservice anbieten.<\/li><li dir=\"ltr\">Sollten Sie Probleme mit Ihrer Zahlung haben, wenden Sie sich bitte per E-Mail an unseren Online-Kundendienst: <a href=\"mailto:support@lumisonata.com\" target=\"_blank\" rel=\"noopener\" aria-describedby=\"a11y-new-window-message\">support@lumisonata.com.<\/a><\/li><\/ol><p><strong>FAQ:<\/strong><\/p><ol><li><strong>Wie wende ich den Gutscheincode beim Auschecken an?<\/strong><\/li><\/ol><p dir=\"ltr\">Geben Sie den Geschenkgutschein oder den Rabattcode in der Abrechnungsschnittstelle ein und der Zwischensummenwert wird automatisch abgezogen. Bei Problemen kontaktieren Sie uns bitte unter <a href=\"mailto:support@lumisonata.com\">support@lumisonata.com.<\/a><br>. <\/p><ol start=\"2\"><li><strong>Muss ich zus\u00e4tzliche Geb\u00fchren zahlen, wenn ich die Artikel kaufe?<\/strong><\/li><\/ol><p>Das h\u00e4ngt von Ihrer Zahlungsmethode ab. Wenn Sie Ihre Bestellung mit einer internationalen Bankkarte bezahlen, kann der Kaufpreis mit den Wechselkursen schwanken. Au\u00dferdem kann Ihre Bank oder Ihr Kreditkartenaussteller ausl\u00e4ndische Umrechnungsgeb\u00fchren erheben. Bei Fragen zu diesen Geb\u00fchren wenden Sie sich bitte an Ihre Bank oder Ihren Kreditkartenaussteller.   <\/p><ol start=\"3\"><li><strong>Wann wird meine Bestellung nach der Zahlung bearbeitet?<\/strong><\/li><\/ol><p>Nach Zahlungseingang wird Lumisonata den Versand innerhalb von 1-2 Werktagen veranlassen, wenn der Artikel vorr\u00e4tig ist. Bei Artikeln, die nicht auf Lager sind, wird unser Kundenservice Sie per E-Mail kontaktieren. <\/p><ol start=\"4\"><li><strong>Wie lange dauert die Bearbeitung einer Erstattung?<\/strong><\/li><\/ol><p>Erstattungen werden \u00fcber die gleiche Methode abgewickelt, mit der Sie die Zahlung vorgenommen haben. Der R\u00fcckerstattungsprozess wird je nach Bank oder Kreditkartenaussteller in etwa 7-14 Werktagen abgeschlossen. <\/p><ol start=\"5\"><li><strong>Ist mein pers\u00f6nliches Zahlungsprofil sicher?<\/strong><\/li><\/ol><p dir=\"ltr\">Wir wissen, dass die Sicherheit von Online-Transaktionen sehr wichtig ist. Wir werden alle notwendigen Sicherheitsma\u00dfnahmen ergreifen, um Ihre Kreditkarte und Ihr Paypal-Konto zu sch\u00fctzen. <\/p><ol start=\"6\"><li><strong>Sollte ich Leerzeichen oder Bindestriche verwenden, wenn ich meine Kredit-\/Debitkartennummer eingebe?<\/strong><\/li><\/ol><p dir=\"ltr\">Nein. Geben Sie Ihre Kredit-\/Debitkartennummer ohne Leer- oder Sonderzeichen ein. Sie sollte als fortlaufende Zahlenfolge eingegeben werden.    <\/p><ol start=\"7\"><li><strong>Muss meine Rechnungsadresse mit der Adresse \u00fcbereinstimmen, die bei meiner Kreditkarte hinterlegt ist?<\/strong><\/li><\/ol><p dir=\"ltr\">Ja. Zur \u00dcberpr\u00fcfung Ihrer Kreditkarte m\u00fcssen Sie Ihre Rechnungsadresse genau so angeben, wie sie auf Ihrer Kreditkartenabrechnung erscheint.   <\/p><ol start=\"8\"><li><strong>Warum wird meine Kreditkarte abgelehnt?<\/strong><\/li><\/ol><p>Es gibt viele m\u00f6gliche Gr\u00fcnde, warum eine Kreditkarte nicht akzeptiert wird: Die Karte ist abgelaufen.<\/p><ul><li>Sie haben Ihr Kreditlimit erreicht oder \u00fcberschritten.<\/li><li>Sie haben Ihr t\u00e4gliches Ladelimit \u00fcberschritten.<\/li><li>Ein Computer auf beiden Seiten der Transaktion hat technische Probleme.<\/li><\/ul><p dir=\"ltr\">Wenn Sie Probleme bei der \u00dcbermittlung Ihrer Kreditkartenzahlung haben, k\u00f6nnen Sie sich an <a href=\"mailto:support@lumisonata.com\">support@lumisonata.com<\/a> wenden, um Hilfe zu erhalten. Wenn Sie sich an den Kundendienst wenden, werden Sie m\u00f6glicherweise nach den Nummern der Fehlermeldungen gefragt, die Sie erhalten haben, sowie nach der Referenznummer, die Sie im Einkaufswagen sehen. <\/p>\t\t\t\t\t\t\t\t<\/div>\n\t\t\t\t\t<\/div>\n\t\t\t\t<\/div>\n\t\t\t\t<\/div>\n\t\t\t\t<\/div>\n\t\t","protected":false},"excerpt":{"rendered":"<p>Wir akzeptieren nur die folgenden Zahlungsarten: Visum Mastercard American Express PayPal Apple Pay Google Pay Wenn Sie feststellen, dass Ihre Karte abgelehnt wurde, kann dies folgende Gr\u00fcnde haben: >1. Die Transaktion wurde aufgrund einer AVS-Fehlanpassung abgelehnt. Die angegebene Adresse stimmt nicht mit der Rechnungsadresse des Karteninhabers \u00fcberein. Wenn ja, \u00fcberpr\u00fcfen Sie bitte, ob der Name, [&hellip;]<\/p>\n","protected":false},"author":1,"featured_media":0,"parent":0,"menu_order":0,"comment_status":"closed","ping_status":"closed","template":"","meta":{"_seopress_robots_primary_cat":"","_seopress_titles_title":"","_seopress_titles_desc":"","_seopress_robots_index":"","footnotes":""},"class_list":["post-40633","page","type-page","status-publish","hentry"],"_links":{"self":[{"href":"https:\/\/lumisonatashop.com\/de\/wp-json\/wp\/v2\/pages\/40633","targetHints":{"allow":["GET"]}}],"collection":[{"href":"https:\/\/lumisonatashop.com\/de\/wp-json\/wp\/v2\/pages"}],"about":[{"href":"https:\/\/lumisonatashop.com\/de\/wp-json\/wp\/v2\/types\/page"}],"author":[{"embeddable":true,"href":"https:\/\/lumisonatashop.com\/de\/wp-json\/wp\/v2\/users\/1"}],"replies":[{"embeddable":true,"href":"https:\/\/lumisonatashop.com\/de\/wp-json\/wp\/v2\/comments?post=40633"}],"version-history":[{"count":1,"href":"https:\/\/lumisonatashop.com\/de\/wp-json\/wp\/v2\/pages\/40633\/revisions"}],"predecessor-version":[{"id":40634,"href":"https:\/\/lumisonatashop.com\/de\/wp-json\/wp\/v2\/pages\/40633\/revisions\/40634"}],"wp:attachment":[{"href":"https:\/\/lumisonatashop.com\/de\/wp-json\/wp\/v2\/media?parent=40633"}],"curies":[{"name":"wp","href":"https:\/\/api.w.org\/{rel}","templated":true}]}}