{"id":40605,"date":"2025-07-22T08:28:25","date_gmt":"2025-07-22T16:28:25","guid":{"rendered":"https:\/\/www.lumisonata.shop\/lumisonata-gibt-zurueck"},"modified":"2025-07-22T05:40:04","modified_gmt":"2025-07-22T13:40:04","slug":"lumisonata-gibt-zurueck","status":"publish","type":"page","link":"https:\/\/lumisonatashop.com\/de\/lumisonata-gibt-zurueck","title":{"rendered":"Lumisonata gibt zur\u00fcck"},"content":{"rendered":"\t\t<div data-elementor-type=\"wp-page\" data-elementor-id=\"40605\" class=\"elementor elementor-40605 elementor-40594\" data-elementor-post-type=\"page\">\n\t\t\t\t<div class=\"elementor-element elementor-element-721ec62 e-con-full e-flex e-con e-parent\" data-id=\"721ec62\" data-element_type=\"container\">\n\t\t<div class=\"elementor-element elementor-element-7abbd97 e-flex e-con-boxed e-con e-child\" data-id=\"7abbd97\" data-element_type=\"container\">\n\t\t\t\t\t<div class=\"e-con-inner\">\n\t\t<div class=\"elementor-element elementor-element-fa1e6d6 e-con-full e-flex e-con e-child\" data-id=\"fa1e6d6\" data-element_type=\"container\">\n\t\t\t\t<div class=\"elementor-element elementor-element-6a80fdd elementor-widget elementor-widget-image\" data-id=\"6a80fdd\" data-element_type=\"widget\" data-widget_type=\"image.default\">\n\t\t\t\t\t\t\t\t\t\t\t\t\t\t\t<img alt=\"\" fetchpriority=\"high\" decoding=\"async\" width=\"640\" height=\"360\" src=\"https:\/\/lumisonatashop.com\/wp-content\/uploads\/2025\/07\/620e6ef7d0dfa2bbde8a3246b86b1ea_1.webp\" class=\"attachment-large size-large wp-image-40596\" alt=\"\" srcset=\"https:\/\/lumisonatashop.com\/wp-content\/uploads\/2025\/07\/620e6ef7d0dfa2bbde8a3246b86b1ea_1.webp 640w, https:\/\/lumisonatashop.com\/wp-content\/uploads\/2025\/07\/620e6ef7d0dfa2bbde8a3246b86b1ea_1-500x281.webp 500w, https:\/\/lumisonatashop.com\/wp-content\/uploads\/2025\/07\/620e6ef7d0dfa2bbde8a3246b86b1ea_1-364x205.webp 364w, https:\/\/lumisonatashop.com\/wp-content\/uploads\/2025\/07\/620e6ef7d0dfa2bbde8a3246b86b1ea_1-600x338.webp 600w\" sizes=\"(max-width: 640px) 100vw, 640px\" \/>\t\t\t\t\t\t\t\t\t\t\t\t\t\t\t<\/div>\n\t\t\t\t<div class=\"elementor-element elementor-element-f71318c elementor-widget elementor-widget-text-editor\" data-id=\"f71318c\" data-element_type=\"widget\" data-widget_type=\"text-editor.default\">\n\t\t\t\t\t\t\t\t\t<p>  LUMISONATA hat sein Herz nie vergessen und schickt seit mehreren Jahren verschiedene Hilfsg\u00fcter an britische Waisenh\u00e4user, in der Hoffnung, durch seine Bem\u00fchungen die Liebe weiterzugeben.<\/p>\t\t\t\t\t\t\t\t<\/div>\n\t\t\t\t<\/div>\n\t\t<div class=\"elementor-element elementor-element-c816faa e-con-full e-flex e-con e-child\" data-id=\"c816faa\" data-element_type=\"container\">\n\t\t\t\t<div class=\"elementor-element elementor-element-540546d elementor-widget elementor-widget-image\" data-id=\"540546d\" data-element_type=\"widget\" data-widget_type=\"image.default\">\n\t\t\t\t\t\t\t\t\t\t\t\t\t\t\t<img alt=\"\" decoding=\"async\" width=\"640\" height=\"360\" src=\"https:\/\/lumisonatashop.com\/wp-content\/uploads\/2025\/07\/e084f02532163efafae8341191e4ce2_1.webp\" class=\"attachment-large size-large wp-image-40597\" alt=\"\" srcset=\"https:\/\/lumisonatashop.com\/wp-content\/uploads\/2025\/07\/e084f02532163efafae8341191e4ce2_1.webp 640w, https:\/\/lumisonatashop.com\/wp-content\/uploads\/2025\/07\/e084f02532163efafae8341191e4ce2_1-500x281.webp 500w, https:\/\/lumisonatashop.com\/wp-content\/uploads\/2025\/07\/e084f02532163efafae8341191e4ce2_1-364x205.webp 364w, https:\/\/lumisonatashop.com\/wp-content\/uploads\/2025\/07\/e084f02532163efafae8341191e4ce2_1-600x338.webp 600w\" sizes=\"(max-width: 640px) 100vw, 640px\" \/>\t\t\t\t\t\t\t\t\t\t\t\t\t\t\t<\/div>\n\t\t\t\t<div class=\"elementor-element elementor-element-dcac288 elementor-widget elementor-widget-text-editor\" data-id=\"dcac288\" data-element_type=\"widget\" data-widget_type=\"text-editor.default\">\n\t\t\t\t\t\t\t\t\t<p>  Liebesgaben an die Jindu-Grundschule in Dajing Town, Miluo City, Provinz Hunan, lassen Sie uns mit Liebe gehen und sie weitergeben.<\/p>\t\t\t\t\t\t\t\t<\/div>\n\t\t\t\t<\/div>\n\t\t\t\t\t<\/div>\n\t\t\t\t<\/div>\n\t\t\t\t<\/div>\n\t\t\t\t<\/div>\n\t\t","protected":false},"excerpt":{"rendered":"<p>LUMISONATA hat sein Herz nie vergessen und schickt seit mehreren Jahren verschiedene Hilfsg\u00fcter an britische Waisenh\u00e4user, in der Hoffnung, durch seine Bem\u00fchungen die Liebe weiterzugeben. Liebesgaben an die Jindu-Grundschule in Dajing Town, Miluo City, Provinz Hunan, lassen Sie uns mit Liebe gehen und sie weitergeben.<\/p>\n","protected":false},"author":1,"featured_media":0,"parent":0,"menu_order":0,"comment_status":"closed","ping_status":"closed","template":"","meta":{"_seopress_robots_primary_cat":"","_seopress_titles_title":"","_seopress_titles_desc":"","_seopress_robots_index":"","footnotes":""},"class_list":["post-40605","page","type-page","status-publish","hentry"],"_links":{"self":[{"href":"https:\/\/lumisonatashop.com\/de\/wp-json\/wp\/v2\/pages\/40605","targetHints":{"allow":["GET"]}}],"collection":[{"href":"https:\/\/lumisonatashop.com\/de\/wp-json\/wp\/v2\/pages"}],"about":[{"href":"https:\/\/lumisonatashop.com\/de\/wp-json\/wp\/v2\/types\/page"}],"author":[{"embeddable":true,"href":"https:\/\/lumisonatashop.com\/de\/wp-json\/wp\/v2\/users\/1"}],"replies":[{"embeddable":true,"href":"https:\/\/lumisonatashop.com\/de\/wp-json\/wp\/v2\/comments?post=40605"}],"version-history":[{"count":1,"href":"https:\/\/lumisonatashop.com\/de\/wp-json\/wp\/v2\/pages\/40605\/revisions"}],"predecessor-version":[{"id":40607,"href":"https:\/\/lumisonatashop.com\/de\/wp-json\/wp\/v2\/pages\/40605\/revisions\/40607"}],"wp:attachment":[{"href":"https:\/\/lumisonatashop.com\/de\/wp-json\/wp\/v2\/media?parent=40605"}],"curies":[{"name":"wp","href":"https:\/\/api.w.org\/{rel}","templated":true}]}}